{"id":1160,"date":"2023-03-07T06:52:06","date_gmt":"2023-03-07T06:52:06","guid":{"rendered":"https:\/\/elipsiscopywriting.com\/?post_type=product&#038;p=1402"},"modified":"2023-03-07T06:52:06","modified_gmt":"2023-03-07T06:52:06","slug":"ejemplo-de-producto-2","status":"publish","type":"product","link":"https:\/\/elipsiscopywriting.com\/es\/producto\/ejemplo-de-producto-2\/","title":{"rendered":"COPYWRITING 101 &#8211; Versi\u00f3n 2.0"},"content":{"rendered":"","protected":false},"excerpt":{"rendered":"<p>Este descargable te ayudar\u00e1 a desarrollar tus habilidades de escritura y te acerquen m\u00e1s al mundo del copywriting. El lenguaje est\u00e1 en todos lados y saber c\u00f3mo utilizarlo efectivamente puede abrirnos muchas puertas. Desde mejorar tu curriculum hasta conectar con tu audiencia por redes sociales, aprender de copywriting es una herramienta para la transformaci\u00f3n.<\/p>\n<p>En esta gu\u00eda encontrar\u00e1s lo siguiente:<\/p>\n<ul>\n<li>Introducci\u00f3n al copywriting. \u00bfQu\u00e9 es? \u00bfPara qu\u00e9 sirve? \u00bfA qu\u00e9 puestos puedes aplicar como copywriter?<\/li>\n<li>Estrategias que te servir\u00e1n para escribir de una manera m\u00e1s persuasiva.<\/li>\n<li>Tips para todo tipo de contenido.<\/li>\n<li>Ejercicios que te ayudar\u00e1n a mejorar tus habilidades.<\/li>\n<li>Recomendaciones de libros y herramientas para comenzar como copywriter.<\/li>\n<\/ul>\n<p>Adem\u00e1s, al comprar este descargable puedes enviarnos tus ejercicios a hola@elipsiscopywriting.com para recibir una revisi\u00f3n personalizada. \ud83d\ude42<\/p>","protected":false},"featured_media":1161,"comment_status":"open","ping_status":"closed","template":"","meta":{"_acf_changed":false},"product_brand":[],"product_cat":[50],"product_tag":[],"class_list":{"0":"post-1160","1":"product","2":"type-product","3":"status-publish","4":"has-post-thumbnail","6":"product_cat-recursos-digitales","8":"first","9":"instock","10":"downloadable","11":"virtual","12":"purchasable","13":"product-type-simple"},"acf":[],"aioseo_notices":[],"_links":{"self":[{"href":"https:\/\/elipsiscopywriting.com\/es\/wp-json\/wp\/v2\/product\/1160","targetHints":{"allow":["GET"]}}],"collection":[{"href":"https:\/\/elipsiscopywriting.com\/es\/wp-json\/wp\/v2\/product"}],"about":[{"href":"https:\/\/elipsiscopywriting.com\/es\/wp-json\/wp\/v2\/types\/product"}],"replies":[{"embeddable":true,"href":"https:\/\/elipsiscopywriting.com\/es\/wp-json\/wp\/v2\/comments?post=1160"}],"wp:featuredmedia":[{"embeddable":true,"href":"https:\/\/elipsiscopywriting.com\/es\/wp-json\/wp\/v2\/media\/1161"}],"wp:attachment":[{"href":"https:\/\/elipsiscopywriting.com\/es\/wp-json\/wp\/v2\/media?parent=1160"}],"wp:term":[{"taxonomy":"product_brand","embeddable":true,"href":"https:\/\/elipsiscopywriting.com\/es\/wp-json\/wp\/v2\/product_brand?post=1160"},{"taxonomy":"product_cat","embeddable":true,"href":"https:\/\/elipsiscopywriting.com\/es\/wp-json\/wp\/v2\/product_cat?post=1160"},{"taxonomy":"product_tag","embeddable":true,"href":"https:\/\/elipsiscopywriting.com\/es\/wp-json\/wp\/v2\/product_tag?post=1160"}],"curies":[{"name":"wp","href":"https:\/\/api.w.org\/{rel}","templated":true}]}}