{"id":1158,"date":"2023-03-16T05:42:56","date_gmt":"2023-03-16T05:42:56","guid":{"rendered":"https:\/\/elipsiscopywriting.com\/?post_type=product&#038;p=1760"},"modified":"2026-03-18T08:54:11","modified_gmt":"2026-03-18T14:54:11","slug":"curso-el-viaje-del-copywriter","status":"publish","type":"product","link":"https:\/\/elipsiscopywriting.com\/es\/producto\/curso-el-viaje-del-copywriter\/","title":{"rendered":"Curso online: El viaje del copywriter: escribir para conectar, vender y crear"},"content":{"rendered":"<p>Con este curso podr\u00e1s mejorar tus habilidades de escritura y ejercitar tu m\u00fasculo creativo. Te dar\u00e1s cuenta que el copy est\u00e1 en todos lados. Desde las aplicaciones que vemos todos los d\u00edas hasta en los grandes panor\u00e1micos de cualquier ciudad.<\/p>","protected":false},"excerpt":{"rendered":"<p>Curso online a tu ritmo donde conocer\u00e1s todo lo que tienes que saber de copywriting para que conectes con tus lectores y aumentes tus ventas.<\/p>","protected":false},"featured_media":1159,"comment_status":"closed","ping_status":"closed","template":"","meta":{"_acf_changed":false},"product_brand":[],"product_cat":[52,50],"product_tag":[],"class_list":{"0":"post-1158","1":"product","2":"type-product","3":"status-publish","4":"has-post-thumbnail","6":"product_cat-curso","7":"product_cat-recursos-digitales","9":"first","10":"instock","11":"sale","12":"virtual","13":"sold-individually","14":"purchasable","15":"product-type-simple"},"acf":[],"aioseo_notices":[],"_links":{"self":[{"href":"https:\/\/elipsiscopywriting.com\/es\/wp-json\/wp\/v2\/product\/1158","targetHints":{"allow":["GET"]}}],"collection":[{"href":"https:\/\/elipsiscopywriting.com\/es\/wp-json\/wp\/v2\/product"}],"about":[{"href":"https:\/\/elipsiscopywriting.com\/es\/wp-json\/wp\/v2\/types\/product"}],"replies":[{"embeddable":true,"href":"https:\/\/elipsiscopywriting.com\/es\/wp-json\/wp\/v2\/comments?post=1158"}],"wp:featuredmedia":[{"embeddable":true,"href":"https:\/\/elipsiscopywriting.com\/es\/wp-json\/wp\/v2\/media\/1159"}],"wp:attachment":[{"href":"https:\/\/elipsiscopywriting.com\/es\/wp-json\/wp\/v2\/media?parent=1158"}],"wp:term":[{"taxonomy":"product_brand","embeddable":true,"href":"https:\/\/elipsiscopywriting.com\/es\/wp-json\/wp\/v2\/product_brand?post=1158"},{"taxonomy":"product_cat","embeddable":true,"href":"https:\/\/elipsiscopywriting.com\/es\/wp-json\/wp\/v2\/product_cat?post=1158"},{"taxonomy":"product_tag","embeddable":true,"href":"https:\/\/elipsiscopywriting.com\/es\/wp-json\/wp\/v2\/product_tag?post=1158"}],"curies":[{"name":"wp","href":"https:\/\/api.w.org\/{rel}","templated":true}]}}