{"id":1154,"date":"2026-02-23T11:59:51","date_gmt":"2026-02-23T11:59:51","guid":{"rendered":"https:\/\/elipsiscopywriting.com\/?post_type=product&#038;p=1154"},"modified":"2026-02-23T11:59:55","modified_gmt":"2026-02-23T11:59:55","slug":"grabacion-de-masterclass-pura-palabreria-copywriting-para-marcas","status":"publish","type":"product","link":"https:\/\/elipsiscopywriting.com\/es\/producto\/grabacion-de-masterclass-pura-palabreria-copywriting-para-marcas\/","title":{"rendered":"Grabaci\u00f3n de Masterclass &#8211; Pura palabrer\u00eda: copywriting para marcas"},"content":{"rendered":"<div data-paragraph=\"true\">\u00bfQu\u00e9 incluye?<\/div>\n<div data-paragraph=\"true\">&#8211; Grabaci\u00f3n de la sesi\u00f3n del curso<\/div>\n<div data-paragraph=\"true\">&#8211; Cuaderno de trabajo descargable para que practiques lo aprendido<\/div>\n<div data-paragraph=\"true\">&#8211; Documento complementario con toda la informaci\u00f3n del taller<\/div>","protected":false},"excerpt":{"rendered":"<p>\u00bfNo pudiste estar en la sesi\u00f3n de la masterclass? Todav\u00eda puedes comprar la grabaci\u00f3n y todos los materiales que utilizamos. Adem\u00e1s, te regalamos una hora de asesor\u00eda con nosotras para que resuelvas cualquier duda.<\/p>","protected":false},"featured_media":1155,"comment_status":"open","ping_status":"closed","template":"","meta":{"_acf_changed":false},"product_brand":[],"product_cat":[50],"product_tag":[],"class_list":{"0":"post-1154","1":"product","2":"type-product","3":"status-publish","4":"has-post-thumbnail","6":"product_cat-recursos-digitales","8":"first","9":"instock","10":"sale","11":"downloadable","12":"shipping-taxable","13":"purchasable","14":"product-type-simple"},"acf":[],"aioseo_notices":[],"_links":{"self":[{"href":"https:\/\/elipsiscopywriting.com\/es\/wp-json\/wp\/v2\/product\/1154","targetHints":{"allow":["GET"]}}],"collection":[{"href":"https:\/\/elipsiscopywriting.com\/es\/wp-json\/wp\/v2\/product"}],"about":[{"href":"https:\/\/elipsiscopywriting.com\/es\/wp-json\/wp\/v2\/types\/product"}],"replies":[{"embeddable":true,"href":"https:\/\/elipsiscopywriting.com\/es\/wp-json\/wp\/v2\/comments?post=1154"}],"wp:featuredmedia":[{"embeddable":true,"href":"https:\/\/elipsiscopywriting.com\/es\/wp-json\/wp\/v2\/media\/1155"}],"wp:attachment":[{"href":"https:\/\/elipsiscopywriting.com\/es\/wp-json\/wp\/v2\/media?parent=1154"}],"wp:term":[{"taxonomy":"product_brand","embeddable":true,"href":"https:\/\/elipsiscopywriting.com\/es\/wp-json\/wp\/v2\/product_brand?post=1154"},{"taxonomy":"product_cat","embeddable":true,"href":"https:\/\/elipsiscopywriting.com\/es\/wp-json\/wp\/v2\/product_cat?post=1154"},{"taxonomy":"product_tag","embeddable":true,"href":"https:\/\/elipsiscopywriting.com\/es\/wp-json\/wp\/v2\/product_tag?post=1154"}],"curies":[{"name":"wp","href":"https:\/\/api.w.org\/{rel}","templated":true}]}}