{"id":735,"date":"2026-02-12T08:37:50","date_gmt":"2026-02-12T08:37:50","guid":{"rendered":"https:\/\/elipsiscopywriting.com\/?page_id=735"},"modified":"2026-03-09T07:41:56","modified_gmt":"2026-03-09T07:41:56","slug":"nosotras","status":"publish","type":"page","link":"https:\/\/elipsiscopywriting.com\/es\/nosotras\/","title":{"rendered":"Nosotras"},"content":{"rendered":"<div data-elementor-type=\"wp-page\" data-elementor-id=\"735\" class=\"elementor elementor-735\" data-elementor-settings=\"{&quot;ha_cmc_init_switcher&quot;:&quot;no&quot;}\" data-elementor-post-type=\"page\">\n\t\t\t\t<div class=\"elementor-element elementor-element-a2d92e3 e-flex e-con-boxed convert--none scrubbed__false pinned__false wd--always--show container--pointer--events--auto layout--default bg--none no e-con e-parent\" data-id=\"a2d92e3\" data-element_type=\"container\" data-e-type=\"container\" data-settings=\"{&quot;background_background&quot;:&quot;classic&quot;,&quot;_ha_eqh_enable&quot;:false}\">\n\t\t\t\t\t<div class=\"e-con-inner\">\n\t\t\t\t<div class=\"elementor-element elementor-element-80b65c1 elementor-widget__width-inherit wd--always--show elementor-widget elementor-widget-image\" data-id=\"80b65c1\" data-element_type=\"widget\" data-e-type=\"widget\" data-widget_type=\"image.default\">\n\t\t\t\t\t\t\t\t\t\t\t\t\t\t\t<img fetchpriority=\"high\" decoding=\"async\" width=\"843\" height=\"482\" src=\"https:\/\/elipsiscopywriting.com\/wp-content\/uploads\/2026\/02\/Ilustraciones-Elipsis-Copywriting-03.svg\" class=\"attachment-full size-full wp-image-673\" alt=\"\" \/>\t\t\t\t\t\t\t\t\t\t\t\t\t\t\t<\/div>\n\t\t\t\t<div class=\"elementor-element elementor-element-e67c4a2 elementor-widget__width-initial text-stroke-no wd--always--show elementor-widget elementor-widget-petextwrapper\" data-id=\"e67c4a2\" data-element_type=\"widget\" data-e-type=\"widget\" data-widget_type=\"petextwrapper.default\">\n\t\t\t\t<div class=\"elementor-widget-container\">\n\t\t\t\t\t\n        \n        <div class=\"text-wrapper\">\n\n            <p                class=\"text-h1   no-margin\"         >\n                Nosotras<\/p>\n\n        <\/div>\n\n        \t\t\t\t<\/div>\n\t\t\t\t<\/div>\n\t\t\t\t<div class=\"elementor-element elementor-element-6d656dd elementor-widget__width-initial elementor-widget-mobile__width-inherit text-stroke-no wd--always--show elementor-widget elementor-widget-petextwrapper\" data-id=\"6d656dd\" data-element_type=\"widget\" data-e-type=\"widget\" data-widget_type=\"petextwrapper.default\">\n\t\t\t\t<div class=\"elementor-widget-container\">\n\t\t\t\t\t\n        \n        <div class=\"text-wrapper\">\n\n            <p                class=\"text-h1   no-margin\"         >\n                Todo empez\u00f3 con una obsesi\u00f3n: llevar la precisi\u00f3n de la literatura al mundo del marketing digital. Elipsis es una agencia con una premisa clara: las marcas no necesitan m\u00e1s ruido, necesitan una narrativa que se sostenga por s\u00ed misma.<\/p>\n\n        <\/div>\n\n        \t\t\t\t<\/div>\n\t\t\t\t<\/div>\n\t\t\t\t\t<\/div>\n\t\t\t\t<\/div>\n\t\t<div class=\"elementor-element elementor-element-59dabbe e-con-full backward__container layout--switched e-flex convert--none backward__mobile-no scrubbed__false pinned__false wd--always--show container--pointer--events--auto bg--none no e-con e-parent\" data-id=\"59dabbe\" data-element_type=\"container\" data-e-type=\"container\" data-settings=\"{&quot;background_background&quot;:&quot;classic&quot;,&quot;_ha_eqh_enable&quot;:false}\">\n\t\t<div class=\"elementor-element elementor-element-0af39b3 e-con-full e-flex convert--none scrubbed__false pinned__false wd--always--show container--pointer--events--auto layout--default bg--none no e-con e-child\" data-id=\"0af39b3\" data-element_type=\"container\" data-e-type=\"container\" data-settings=\"{&quot;_ha_eqh_enable&quot;:false}\">\n\t\t<div class=\"elementor-element elementor-element-66691d5 e-con-full e-flex convert--none scrubbed__false pinned__false wd--always--show container--pointer--events--auto layout--default bg--none no e-con e-child\" data-id=\"66691d5\" data-element_type=\"container\" data-e-type=\"container\" data-settings=\"{&quot;_ha_eqh_enable&quot;:false}\">\n\t\t\t\t<div class=\"elementor-element elementor-element-73669c4 elementor-widget__width-initial elementor-widget-mobile__width-inherit text-stroke-no wd--always--show elementor-widget elementor-widget-petextwrapper\" data-id=\"73669c4\" data-element_type=\"widget\" data-e-type=\"widget\" data-widget_type=\"petextwrapper.default\">\n\t\t\t\t<div class=\"elementor-widget-container\">\n\t\t\t\t\t\n        \n        <div class=\"text-wrapper\">\n\n            <p                class=\"text-h2   no-margin\"         >\n                Andrea Z\u00fa\u00f1iga<\/p>\n\n        <\/div>\n\n        \t\t\t\t<\/div>\n\t\t\t\t<\/div>\n\t\t\t\t<div class=\"elementor-element elementor-element-44c5802 text-stroke-no wd--always--show elementor-widget elementor-widget-petextwrapper\" data-id=\"44c5802\" data-element_type=\"widget\" data-e-type=\"widget\" data-widget_type=\"petextwrapper.default\">\n\t\t\t\t<div class=\"elementor-widget-container\">\n\t\t\t\t\t\n        \n        <div class=\"text-wrapper\">\n\n            <p                class=\"text-p   no-margin hide-br-mobile\"         >\n                Fundadora de Elipsis y estratega Verbal <\/p>\n\n        <\/div>\n\n        \t\t\t\t<\/div>\n\t\t\t\t<\/div>\n\t\t\t\t<\/div>\n\t\t<div class=\"elementor-element elementor-element-4b13149 e-con-full e-flex convert--none scrubbed__false pinned__false wd--always--show container--pointer--events--auto layout--default bg--none no e-con e-child\" data-id=\"4b13149\" data-element_type=\"container\" data-e-type=\"container\" data-settings=\"{&quot;_ha_eqh_enable&quot;:false}\">\n\t\t\t\t<div class=\"elementor-element elementor-element-58f8acf wd--always--show elementor-widget elementor-widget-pesingleimage\" data-id=\"58f8acf\" data-element_type=\"widget\" data-e-type=\"widget\" data-widget_type=\"pesingleimage.default\">\n\t\t\t\t<div class=\"elementor-widget-container\">\n\t\t\t\t\t\n        <div class=\"single-image parallax--image false\" >\n\n                            <img decoding=\"async\" width=\"1444\" height=\"1904\" src=\"https:\/\/elipsiscopywriting.com\/wp-content\/uploads\/2026\/02\/Captura-de-pantalla-2026-02-12-a-las-1.58.49-p.m.png\" class=\"attachment-full size-full wp-image-844\" alt=\"\" srcset=\"https:\/\/elipsiscopywriting.com\/wp-content\/uploads\/2026\/02\/Captura-de-pantalla-2026-02-12-a-las-1.58.49-p.m.png 1444w, https:\/\/elipsiscopywriting.com\/wp-content\/uploads\/2026\/02\/Captura-de-pantalla-2026-02-12-a-las-1.58.49-p.m-400x527.png 400w, https:\/\/elipsiscopywriting.com\/wp-content\/uploads\/2026\/02\/Captura-de-pantalla-2026-02-12-a-las-1.58.49-p.m-228x300.png 228w, https:\/\/elipsiscopywriting.com\/wp-content\/uploads\/2026\/02\/Captura-de-pantalla-2026-02-12-a-las-1.58.49-p.m-777x1024.png 777w, https:\/\/elipsiscopywriting.com\/wp-content\/uploads\/2026\/02\/Captura-de-pantalla-2026-02-12-a-las-1.58.49-p.m-768x1013.png 768w, https:\/\/elipsiscopywriting.com\/wp-content\/uploads\/2026\/02\/Captura-de-pantalla-2026-02-12-a-las-1.58.49-p.m-1165x1536.png 1165w\" sizes=\"(max-width: 1444px) 100vw, 1444px\" \/>\n\n                        <\/div>\n\n\n        \t\t\t\t<\/div>\n\t\t\t\t<\/div>\n\t\t<div class=\"elementor-element elementor-element-8c5c90f e-con-full e-flex convert--none scrubbed__false pinned__false wd--always--show container--pointer--events--auto layout--default bg--none no e-con e-child\" data-id=\"8c5c90f\" data-element_type=\"container\" data-e-type=\"container\" data-settings=\"{&quot;_ha_eqh_enable&quot;:false}\">\n\t\t\t\t<div class=\"elementor-element elementor-element-e160b09 text-stroke-no wd--always--show elementor-widget elementor-widget-petextwrapper\" data-id=\"e160b09\" data-element_type=\"widget\" data-e-type=\"widget\" data-widget_type=\"petextwrapper.default\">\n\t\t\t\t<div class=\"elementor-widget-container\">\n\t\t\t\t\t\n        \n        <div class=\"text-wrapper\">\n\n            <p                class=\"text-p p-small  no-margin\"         >\n                \u00a1Hola! Soy Andrea. Y si buscas a alguien que solo \"escriba bonito\", no soy yo. Mi formaci\u00f3n en letras me ense\u00f1\u00f3 a analizar discursos, mi experiencia en negocios me ense\u00f1\u00f3 a vender con ellos. He trabajado con industrias tan dispares como bienes ra\u00edces de lujo y colecciones de arte, lo que me ha dado una capacidad \u00fanica para adaptarme a cualquier tono.\n<\/p>\n\n        <\/div>\n\n        \t\t\t\t<\/div>\n\t\t\t\t<\/div>\n\t\t\t\t<div class=\"elementor-element elementor-element-1795afc text-stroke-no wd--always--show elementor-widget elementor-widget-petextwrapper\" data-id=\"1795afc\" data-element_type=\"widget\" data-e-type=\"widget\" data-widget_type=\"petextwrapper.default\">\n\t\t\t\t<div class=\"elementor-widget-container\">\n\t\t\t\t\t\n        \n        <div class=\"text-wrapper\">\n\n            <p                class=\"text-p p-small  no-margin\"         >\n                Mi rol no es solo redactar, es dirigir la voz de tu marca para que cada palabra tenga una raz\u00f3n de ser. \n<\/p>\n\n        <\/div>\n\n        \t\t\t\t<\/div>\n\t\t\t\t<\/div>\n\t\t\t\t<div class=\"elementor-element elementor-element-4c38ee5 text-stroke-no wd--always--show elementor-widget elementor-widget-petextwrapper\" data-id=\"4c38ee5\" data-element_type=\"widget\" data-e-type=\"widget\" data-widget_type=\"petextwrapper.default\">\n\t\t\t\t<div class=\"elementor-widget-container\">\n\t\t\t\t\t\n        \n        <div class=\"text-wrapper\">\n\n            <p                class=\"text-p p-small  no-margin\"         >\n                \u00bfDato curioso? Me encanta recomendar libros y visitar museos. Cuando no estoy definiendo la estrategia de un cliente, probablemente me encuentres viajando, viendo series o leyendo. \n<\/p>\n\n        <\/div>\n\n        \t\t\t\t<\/div>\n\t\t\t\t<\/div>\n\t\t\t\t<div class=\"elementor-element elementor-element-da56c01 text-stroke-no wd--always--show elementor-widget elementor-widget-petextwrapper\" data-id=\"da56c01\" data-element_type=\"widget\" data-e-type=\"widget\" data-widget_type=\"petextwrapper.default\">\n\t\t\t\t<div class=\"elementor-widget-container\">\n\t\t\t\t\t\n        \n        <div class=\"text-wrapper\">\n\n            <p                class=\"text-p p-small  no-margin\"         >\n                Adem\u00e1s de liderar Elipsis, soy creadora de contenido. Hablo de identidad verbal, libros y la vida creativa en diferentes formatos.\n<br><br>\u2022 Substack: Reflexiones profundas y correos que s\u00ed querr\u00e1s abrir.<br>\n\u2022 <span class=\"no-underline inner--element customized--word elementor-repeater-item-3e45a00\" >TikTok:<\/span> Consejos r\u00e1pidos y \"behind the scenes\".<br>\n\u2022 <span class=\"no-underline inner--element customized--word elementor-repeater-item-fa9e404\" >Instagram:<\/span> Mi d\u00eda a d\u00eda y p\u00edldoras de estrategia.<\/p>\n\n        <\/div>\n\n        \t\t\t\t<\/div>\n\t\t\t\t<\/div>\n\t\t\t\t<\/div>\n\t\t\t\t<\/div>\n\t\t\t\t<\/div>\n\t\t\t\t<\/div>\n\t\t<div class=\"elementor-element elementor-element-a60d785 e-flex e-con-boxed convert--none scrubbed__false pinned__false wd--always--show container--pointer--events--auto layout--default bg--none no e-con e-parent\" data-id=\"a60d785\" data-element_type=\"container\" data-e-type=\"container\" data-settings=\"{&quot;background_background&quot;:&quot;classic&quot;,&quot;_ha_eqh_enable&quot;:false}\">\n\t\t\t\t\t<div class=\"e-con-inner\">\n\t\t\t\t<div class=\"elementor-element elementor-element-6c07a87 text-stroke-no wd--always--show elementor-widget elementor-widget-petextwrapper\" data-id=\"6c07a87\" data-element_type=\"widget\" data-e-type=\"widget\" data-widget_type=\"petextwrapper.default\">\n\t\t\t\t<div class=\"elementor-widget-container\">\n\t\t\t\t\t\n        \n        <div class=\"text-wrapper\">\n\n            <p                class=\"text-h2   no-margin hide-br-mobile\"         data-animate=\"true\" data-animation=\"wordsUp\" data-settings=\"{duration=1.5;delay=0;stagger=0.1;pin=false;pinTarget=;scrub=false;item_ref_start=top;window_ref_start=bottom;item_ref_end=bottom;window_ref_end=top;out=false;inserted=false}\">\n                \u00bfPor qu\u00e9 una egresada de letras haciendo marketing? Porque vender es contar una buena historia.<\/p>\n\n        <\/div>\n\n        \t\t\t\t<\/div>\n\t\t\t\t<\/div>\n\t\t\t\t<div class=\"elementor-element elementor-element-9b23ddf elementor-widget__width-initial text-stroke-no wd--always--show elementor-widget elementor-widget-petextwrapper\" data-id=\"9b23ddf\" data-element_type=\"widget\" data-e-type=\"widget\" data-widget_type=\"petextwrapper.default\">\n\t\t\t\t<div class=\"elementor-widget-container\">\n\t\t\t\t\t\n        \n        <div class=\"text-wrapper\">\n\n            <p                class=\"text-p\"         >\n                En Elipsis no aplicamos f\u00f3rmulas de \"corta y pega\". Aplicamos el an\u00e1lisis cr\u00edtico de las humanidades a la venta digital:<\/p>\n\n        <\/div>\n\n        \t\t\t\t<\/div>\n\t\t\t\t<\/div>\n\t\t\t\t<div class=\"elementor-element elementor-element-9d96c53 elementor-widget__width-initial elementor-icon-list--layout-traditional elementor-list-item-link-full_width wd--always--show elementor-widget elementor-widget-icon-list\" data-id=\"9d96c53\" data-element_type=\"widget\" data-e-type=\"widget\" data-widget_type=\"icon-list.default\">\n\t\t\t\t\t\t\t<ul class=\"elementor-icon-list-items\">\n\t\t\t\t\t\t\t<li class=\"elementor-icon-list-item\">\n\t\t\t\t\t\t\t\t\t\t\t<span class=\"elementor-icon-list-icon\">\n\t\t\t\t\t\t\t<i aria-hidden=\"true\" class=\"material-icons md-arrow_forward\" data-md-icon=\"arrow_forward\"><\/i>\t\t\t\t\t\t<\/span>\n\t\t\t\t\t\t\t\t\t\t<span class=\"elementor-icon-list-text\"><b>Rigor:<\/b> Garantizamos una gram\u00e1tica impecable porque sabemos que un error destruye la confianza.<\/span>\n\t\t\t\t\t\t\t\t\t<\/li>\n\t\t\t\t\t\t\t\t<li class=\"elementor-icon-list-item\">\n\t\t\t\t\t\t\t\t\t\t\t<span class=\"elementor-icon-list-icon\">\n\t\t\t\t\t\t\t<i aria-hidden=\"true\" class=\"material-icons md-arrow_forward\" data-md-icon=\"arrow_forward\"><\/i>\t\t\t\t\t\t<\/span>\n\t\t\t\t\t\t\t\t\t\t<span class=\"elementor-icon-list-text\"><b>Contexto:<\/b> Entendemos de matices culturales y tonos de voz, evitando malentendidos con tu audiencia global.<\/span>\n\t\t\t\t\t\t\t\t\t<\/li>\n\t\t\t\t\t\t\t\t<li class=\"elementor-icon-list-item\">\n\t\t\t\t\t\t\t\t\t\t\t<span class=\"elementor-icon-list-icon\">\n\t\t\t\t\t\t\t<i aria-hidden=\"true\" class=\"material-icons md-arrow_forward\" data-md-icon=\"arrow_forward\"><\/i>\t\t\t\t\t\t<\/span>\n\t\t\t\t\t\t\t\t\t\t<span class=\"elementor-icon-list-text\"><b>Narrativa:<\/b> Estructuramos tu venta como un relato coherente, no como una lista de caracter\u00edsticas.<\/span>\n\t\t\t\t\t\t\t\t\t<\/li>\n\t\t\t\t\t\t<\/ul>\n\t\t\t\t\t\t<\/div>\n\t\t\t\t<div class=\"elementor-element elementor-element-3fcf987 scrubbed__false pinned__false wd--always--show elementor-widget elementor-widget-pebutton\" data-id=\"3fcf987\" data-element_type=\"widget\" data-e-type=\"widget\" data-widget_type=\"pebutton.default\">\n\t\t\t\t<div class=\"elementor-widget-container\">\n\t\t\t\t\t\n        <div class=\"pe--button pb--background pb--normal link\"  >\n\n            <div class=\"pe--button--wrapper\">\n\n                \n                    <a href=\"https:\/\/elipsiscopywriting.com\/contacto\/\" rel=\"nofollow\"data-cursor=\"true\" data-cursor-type=\"default\" data-cursor-text=\"\" data-cursor-icon=\"\">\n\n                    \n                    <span class=\"pb__main\">Hablemos de tu marca\n                        \n\n                                <span class=\"pb__hover\">Hablemos de tu marca<\/span>\n\n                            \n                    <\/span>\n\n\n                    \n\n                <\/a>\n\n\n\n            <\/div>\n\n        <\/div>\n\n        \t\t\t\t<\/div>\n\t\t\t\t<\/div>\n\t\t\t\t\t<\/div>\n\t\t\t\t<\/div>\n\t\t<div class=\"elementor-element elementor-element-99390d1 layout--switched e-flex e-con-boxed convert--none scrubbed__false pinned__false wd--always--show container--pointer--events--auto bg--none no e-con e-parent\" data-id=\"99390d1\" data-element_type=\"container\" data-e-type=\"container\" data-settings=\"{&quot;background_background&quot;:&quot;classic&quot;,&quot;_ha_eqh_enable&quot;:false}\">\n\t\t\t\t\t<div class=\"e-con-inner\">\n\t\t<div class=\"elementor-element elementor-element-24d29b8 e-flex e-con-boxed convert--none scrubbed__false pinned__false wd--always--show container--pointer--events--auto layout--default bg--none no e-con e-child\" data-id=\"24d29b8\" data-element_type=\"container\" data-e-type=\"container\" data-settings=\"{&quot;_ha_eqh_enable&quot;:false}\">\n\t\t\t\t\t<div class=\"e-con-inner\">\n\t\t\t\t<div class=\"elementor-element elementor-element-4517b21 elementor-widget__width-inherit wd--always--show elementor-widget elementor-widget-image\" data-id=\"4517b21\" data-element_type=\"widget\" data-e-type=\"widget\" data-widget_type=\"image.default\">\n\t\t\t\t\t\t\t\t\t\t\t\t\t\t\t<img decoding=\"async\" width=\"640\" height=\"506\" src=\"https:\/\/elipsiscopywriting.com\/wp-content\/uploads\/2026\/03\/Captura-de-pantalla-2026-03-09-a-las-1.34.07-a.m.-1-1-1024x809.jpg\" class=\"attachment-large size-large wp-image-1494\" alt=\"\" srcset=\"https:\/\/elipsiscopywriting.com\/wp-content\/uploads\/2026\/03\/Captura-de-pantalla-2026-03-09-a-las-1.34.07-a.m.-1-1-1024x809.jpg 1024w, https:\/\/elipsiscopywriting.com\/wp-content\/uploads\/2026\/03\/Captura-de-pantalla-2026-03-09-a-las-1.34.07-a.m.-1-1-300x237.jpg 300w, https:\/\/elipsiscopywriting.com\/wp-content\/uploads\/2026\/03\/Captura-de-pantalla-2026-03-09-a-las-1.34.07-a.m.-1-1-768x607.jpg 768w, https:\/\/elipsiscopywriting.com\/wp-content\/uploads\/2026\/03\/Captura-de-pantalla-2026-03-09-a-las-1.34.07-a.m.-1-1-15x12.jpg 15w, https:\/\/elipsiscopywriting.com\/wp-content\/uploads\/2026\/03\/Captura-de-pantalla-2026-03-09-a-las-1.34.07-a.m.-1-1-400x316.jpg 400w, https:\/\/elipsiscopywriting.com\/wp-content\/uploads\/2026\/03\/Captura-de-pantalla-2026-03-09-a-las-1.34.07-a.m.-1-1.jpg 1400w\" sizes=\"(max-width: 640px) 100vw, 640px\" \/>\t\t\t\t\t\t\t\t\t\t\t\t\t\t\t<\/div>\n\t\t\t\t\t<\/div>\n\t\t\t\t<\/div>\n\t\t<div class=\"elementor-element elementor-element-346b35d e-con-full e-flex convert--none scrubbed__false pinned__false wd--always--show container--pointer--events--auto layout--default bg--none no e-con e-child\" data-id=\"346b35d\" data-element_type=\"container\" data-e-type=\"container\" data-settings=\"{&quot;_ha_eqh_enable&quot;:false}\">\n\t\t\t\t<div class=\"elementor-element elementor-element-3d18813 wd--always--show elementor-widget elementor-widget-heading\" data-id=\"3d18813\" data-element_type=\"widget\" data-e-type=\"widget\" data-widget_type=\"heading.default\">\n\t\t\t\t\t<h2 class=\"elementor-heading-title elementor-size-default\">Y cuando la situaci\u00f3n lo amerita, tenemos un equipo de expertas\n<\/h2>\t\t\t\t<\/div>\n\t\t\t\t<div class=\"elementor-element elementor-element-5a7ca33 text-stroke-no wd--always--show elementor-widget elementor-widget-petextwrapper\" data-id=\"5a7ca33\" data-element_type=\"widget\" data-e-type=\"widget\" data-widget_type=\"petextwrapper.default\">\n\t\t\t\t<div class=\"elementor-widget-container\">\n\t\t\t\t\t\n        \n        <div class=\"text-wrapper\">\n\n            <p                class=\"text-p   no-margin hide-br-mobile\"         data-animate=\"true\" data-animation=\"wordsUp\" data-settings=\"{duration=1.5;delay=0;stagger=0.1;pin=false;pinTarget=;scrub=false;item_ref_start=top;window_ref_start=bottom;item_ref_end=bottom;window_ref_end=top;out=false;inserted=false}\">\n                Colaboramos con m\u00e1s copywriters, dise\u00f1adoras y expertas para hacer que tu historia llegue m\u00e1s lejos\n<\/p>\n\n        <\/div>\n\n        \t\t\t\t<\/div>\n\t\t\t\t<\/div>\n\t\t\t\t<\/div>\n\t\t\t\t\t<\/div>\n\t\t\t\t<\/div>\n\t\t\t\t<\/div>","protected":false},"excerpt":{"rendered":"<p>Nosotras Todo empez\u00f3 con una obsesi\u00f3n: llevar la precisi\u00f3n de la literatura al mundo del marketing digital. Elipsis es una&#8230;<\/p>","protected":false},"author":1,"featured_media":0,"parent":0,"menu_order":0,"comment_status":"closed","ping_status":"closed","template":"elementor_header_footer","meta":{"_acf_changed":false,"footnotes":""},"class_list":["post-735","page","type-page","status-publish","hentry"],"acf":[],"aioseo_notices":[],"_links":{"self":[{"href":"https:\/\/elipsiscopywriting.com\/es\/wp-json\/wp\/v2\/pages\/735","targetHints":{"allow":["GET"]}}],"collection":[{"href":"https:\/\/elipsiscopywriting.com\/es\/wp-json\/wp\/v2\/pages"}],"about":[{"href":"https:\/\/elipsiscopywriting.com\/es\/wp-json\/wp\/v2\/types\/page"}],"author":[{"embeddable":true,"href":"https:\/\/elipsiscopywriting.com\/es\/wp-json\/wp\/v2\/users\/1"}],"replies":[{"embeddable":true,"href":"https:\/\/elipsiscopywriting.com\/es\/wp-json\/wp\/v2\/comments?post=735"}],"version-history":[{"count":37,"href":"https:\/\/elipsiscopywriting.com\/es\/wp-json\/wp\/v2\/pages\/735\/revisions"}],"predecessor-version":[{"id":1500,"href":"https:\/\/elipsiscopywriting.com\/es\/wp-json\/wp\/v2\/pages\/735\/revisions\/1500"}],"wp:attachment":[{"href":"https:\/\/elipsiscopywriting.com\/es\/wp-json\/wp\/v2\/media?parent=735"}],"curies":[{"name":"wp","href":"https:\/\/api.w.org\/{rel}","templated":true}]}}