{"id":1358,"date":"2026-02-23T16:13:13","date_gmt":"2026-02-23T16:13:13","guid":{"rendered":"https:\/\/elipsiscopywriting.com\/?page_id=1358"},"modified":"2026-03-28T13:56:07","modified_gmt":"2026-03-28T19:56:07","slug":"contacto","status":"publish","type":"page","link":"https:\/\/elipsiscopywriting.com\/es\/contacto\/","title":{"rendered":"Contacto"},"content":{"rendered":"\t\t<div data-elementor-type=\"wp-page\" data-elementor-id=\"1358\" class=\"elementor elementor-1358\" data-elementor-settings=\"{&quot;ha_cmc_init_switcher&quot;:&quot;no&quot;}\" data-elementor-post-type=\"page\">\n\t\t\t\t<div class=\"elementor-element elementor-element-d008701 e-flex e-con-boxed convert--none scrubbed__false pinned__false wd--always--show container--pointer--events--auto layout--default bg--none no e-con e-parent\" data-id=\"d008701\" data-element_type=\"container\" data-e-type=\"container\" data-settings=\"{&quot;_ha_eqh_enable&quot;:false}\">\n\t\t\t\t\t<div class=\"e-con-inner\">\n\t\t\t\t<div class=\"elementor-element elementor-element-a5bee8c text-stroke-no wd--always--show elementor-widget elementor-widget-petextwrapper\" data-id=\"a5bee8c\" data-element_type=\"widget\" data-e-type=\"widget\" data-widget_type=\"petextwrapper.default\">\n\t\t\t\t<div class=\"elementor-widget-container\">\n\t\t\t\t\t\n        \n        <div class=\"text-wrapper\">\n\n            <p                class=\"text-h1   no-margin hide-br-mobile  \"         >\n                Cu\u00e9ntanos de tu proyecto<\/p>\n\n        <\/div>\n\n        \t\t\t\t<\/div>\n\t\t\t\t<\/div>\n\t\t\t\t<div class=\"elementor-element elementor-element-8c16e6b text-stroke-no wd--always--show elementor-widget elementor-widget-petextwrapper\" data-id=\"8c16e6b\" data-element_type=\"widget\" data-e-type=\"widget\" data-widget_type=\"petextwrapper.default\">\n\t\t\t\t<div class=\"elementor-widget-container\">\n\t\t\t\t\t\n        \n        <div class=\"text-wrapper\">\n\n            <p                class=\"text-p      \"         >\n                Queremos ayudarte a encontrar tu historia. D\u00e9janos tus datos y nos pondremos en contacto.<\/p>\n\n        <\/div>\n\n        \t\t\t\t<\/div>\n\t\t\t\t<\/div>\n\t\t\t\t<div class=\"elementor-element elementor-element-b2227ca elementor-widget__width-initial elementor-widget-tablet__width-initial elementor-button-align-stretch wd--always--show elementor-widget elementor-widget-form\" data-id=\"b2227ca\" data-element_type=\"widget\" data-e-type=\"widget\" data-settings=\"{&quot;step_next_label&quot;:&quot;Next&quot;,&quot;step_previous_label&quot;:&quot;Previous&quot;,&quot;button_width&quot;:&quot;100&quot;,&quot;step_type&quot;:&quot;number_text&quot;,&quot;step_icon_shape&quot;:&quot;circle&quot;}\" data-widget_type=\"form.default\">\n\t\t\t\t\t\t\t<form class=\"elementor-form\" method=\"post\" name=\"FORM COTIZACI\u00d3N WEB\" aria-label=\"FORM COTIZACI\u00d3N WEB\">\n\t\t\t<input type=\"hidden\" name=\"post_id\" value=\"1358\"\/>\n\t\t\t<input type=\"hidden\" name=\"form_id\" value=\"b2227ca\"\/>\n\t\t\t<input type=\"hidden\" name=\"referer_title\" value=\"Contacto - elipsiscopywriting\" \/>\n\n\t\t\t\t\t\t\t<input type=\"hidden\" name=\"queried_id\" value=\"1358\"\/>\n\t\t\t\n\t\t\t<div class=\"elementor-form-fields-wrapper elementor-labels-above\">\n\t\t\t\t\t\t\t\t<div class=\"elementor-field-type-text elementor-field-group elementor-column elementor-field-group-name elementor-col-100\">\n\t\t\t\t\t\t\t\t\t\t\t\t<label for=\"form-field-name\" class=\"elementor-field-label\">\n\t\t\t\t\t\t\t\tNombre y apellido *\t\t\t\t\t\t\t<\/label>\n\t\t\t\t\t\t\t\t\t\t\t\t\t\t<input size=\"1\" type=\"text\" name=\"form_fields[name]\" id=\"form-field-name\" class=\"elementor-field elementor-size-sm  elementor-field-textual\" placeholder=\"Nombre y apellido\">\n\t\t\t\t\t\t\t\t\t\t\t<\/div>\n\t\t\t\t\t\t\t\t<div class=\"elementor-field-type-email elementor-field-group elementor-column elementor-field-group-email elementor-col-100 elementor-field-required\">\n\t\t\t\t\t\t\t\t\t\t\t\t<label for=\"form-field-email\" class=\"elementor-field-label\">\n\t\t\t\t\t\t\t\tEmail\t\t\t\t\t\t\t<\/label>\n\t\t\t\t\t\t\t\t\t\t\t\t\t\t<input size=\"1\" type=\"email\" name=\"form_fields[email]\" id=\"form-field-email\" class=\"elementor-field elementor-size-sm  elementor-field-textual\" placeholder=\"tu@email\" required=\"required\">\n\t\t\t\t\t\t\t\t\t\t\t<\/div>\n\t\t\t\t\t\t\t\t<div class=\"elementor-field-type-textarea elementor-field-group elementor-column elementor-field-group-message elementor-col-100\">\n\t\t\t\t\t\t\t\t\t\t\t\t<label for=\"form-field-message\" class=\"elementor-field-label\">\n\t\t\t\t\t\t\t\tCu\u00e9ntanos de tu proyecto (qui\u00e9n eres, qu\u00e9 haces, tus metas, sue\u00f1os, inspiraciones...) \t\t\t\t\t\t\t<\/label>\n\t\t\t\t\t\t<textarea class=\"elementor-field-textual elementor-field  elementor-size-sm\" name=\"form_fields[message]\" id=\"form-field-message\" rows=\"4\" placeholder=\"Escribe aqu\u00ed\"><\/textarea>\t\t\t\t<\/div>\n\t\t\t\t\t\t\t\t<div class=\"elementor-field-type-radio elementor-field-group elementor-column elementor-field-group-field_44e6ea3 elementor-col-100\">\n\t\t\t\t\t\t\t\t\t\t\t\t<label for=\"form-field-field_44e6ea3\" class=\"elementor-field-label\">\n\t\t\t\t\t\t\t\t\u00bfQue servicio te interesa?\t\t\t\t\t\t\t<\/label>\n\t\t\t\t\t\t<div class=\"elementor-field-subgroup  \"><span class=\"elementor-field-option\"><input type=\"radio\" value=\"Copywriting para p\u00e1gina web\" id=\"form-field-field_44e6ea3-0\" name=\"form_fields[field_44e6ea3]\"> <label for=\"form-field-field_44e6ea3-0\">Copywriting para p\u00e1gina web<\/label><\/span><span class=\"elementor-field-option\"><input type=\"radio\" value=\"Blogs\" id=\"form-field-field_44e6ea3-1\" name=\"form_fields[field_44e6ea3]\"> <label for=\"form-field-field_44e6ea3-1\">Blogs<\/label><\/span><span class=\"elementor-field-option\"><input type=\"radio\" value=\"Contenido para redes sociales\" id=\"form-field-field_44e6ea3-2\" name=\"form_fields[field_44e6ea3]\"> <label for=\"form-field-field_44e6ea3-2\">Contenido para redes sociales<\/label><\/span><span class=\"elementor-field-option\"><input type=\"radio\" value=\"Naming\" id=\"form-field-field_44e6ea3-3\" name=\"form_fields[field_44e6ea3]\"> <label for=\"form-field-field_44e6ea3-3\">Naming<\/label><\/span><span class=\"elementor-field-option\"><input type=\"radio\" value=\"Traducci\u00f3n (Ingl\u00e9s\/Espa\u00f1ol)\" id=\"form-field-field_44e6ea3-4\" name=\"form_fields[field_44e6ea3]\"> <label for=\"form-field-field_44e6ea3-4\">Traducci\u00f3n (Ingl\u00e9s\/Espa\u00f1ol)<\/label><\/span><span class=\"elementor-field-option\"><input type=\"radio\" value=\"Manual de voz de marca\" id=\"form-field-field_44e6ea3-5\" name=\"form_fields[field_44e6ea3]\"> <label for=\"form-field-field_44e6ea3-5\">Manual de voz de marca<\/label><\/span><span class=\"elementor-field-option\"><input type=\"radio\" value=\"Creaci\u00f3n de concepto para mi marca\" id=\"form-field-field_44e6ea3-6\" name=\"form_fields[field_44e6ea3]\"> <label for=\"form-field-field_44e6ea3-6\">Creaci\u00f3n de concepto para mi marca<\/label><\/span><span class=\"elementor-field-option\"><input type=\"radio\" value=\"Gui\u00f3n publicitario\" id=\"form-field-field_44e6ea3-7\" name=\"form_fields[field_44e6ea3]\"> <label for=\"form-field-field_44e6ea3-7\">Gui\u00f3n publicitario<\/label><\/span><\/div>\t\t\t\t<\/div>\n\t\t\t\t\t\t\t\t<div class=\"elementor-field-type-hcaptcha elementor-field-group elementor-column elementor-field-group-field_9582961 elementor-col-100\">\n\t\t\t\t\t<div class=\"elementor-field\" id=\"form-field-field_9582961\"><div class=\"elementor-hcaptcha\">\t\t<input\n\t\t\t\ttype=\"hidden\"\n\t\t\t\tclass=\"hcaptcha-widget-id\"\n\t\t\t\tname=\"hcaptcha-widget-id\"\n\t\t\t\tvalue=\"eyJzb3VyY2UiOlsiZWxlbWVudG9yLXByb1wvZWxlbWVudG9yLXByby5waHAiXSwiZm9ybV9pZCI6MH0=-825139d0af24801cd3d757e5ff3132e2\">\n\t\t\t\t<h-captcha\n\t\t\tclass=\"h-captcha\"\n\t\t\tdata-sitekey=\"2bba02e2-a800-4dde-9184-0b6230b8d630\"\n\t\t\tdata-theme=\"light\"\n\t\t\tdata-size=\"normal\"\n\t\t\tdata-auto=\"false\"\n\t\t\tdata-ajax=\"false\"\n\t\t\tdata-force=\"false\">\n\t\t<\/h-captcha>\n\t\t<\/div><\/div>\t\t\t\t<\/div>\n\t\t\t\t\t\t\t\t<div class=\"elementor-field-group elementor-column elementor-field-type-submit elementor-col-100 e-form__buttons\">\n\t\t\t\t\t<button class=\"elementor-button elementor-size-sm\" type=\"submit\">\n\t\t\t\t\t\t<span class=\"elementor-button-content-wrapper\">\n\t\t\t\t\t\t\t\t\t\t\t\t\t\t\t\t\t\t\t\t\t\t<span class=\"elementor-button-text\">ENVIAR<\/span>\n\t\t\t\t\t\t\t\t\t\t\t\t\t<\/span>\n\t\t\t\t\t<\/button>\n\t\t\t\t<\/div>\n\t\t\t<\/div>\n\t\t<\/form>\n\t\t\t\t\t\t<\/div>\n\t\t\t\t\t<\/div>\n\t\t\t\t<\/div>\n\t\t<div class=\"elementor-element elementor-element-8dcb336 layout--switched e-flex e-con-boxed convert--none scrubbed__false pinned__false wd--always--show container--pointer--events--auto bg--none no e-con e-parent\" data-id=\"8dcb336\" data-element_type=\"container\" data-e-type=\"container\" data-settings=\"{&quot;background_background&quot;:&quot;classic&quot;,&quot;_ha_eqh_enable&quot;:false}\">\n\t\t\t\t\t<div class=\"e-con-inner\">\n\t\t<div class=\"elementor-element elementor-element-4f485c8 e-con-full e-flex convert--none scrubbed__false pinned__false wd--always--show container--pointer--events--auto layout--default bg--none no e-con e-child\" data-id=\"4f485c8\" data-element_type=\"container\" data-e-type=\"container\" data-settings=\"{&quot;_ha_eqh_enable&quot;:false}\">\n\t\t\t\t<div class=\"elementor-element elementor-element-a9889f9 wd--always--show elementor-widget elementor-widget-image\" data-id=\"a9889f9\" data-element_type=\"widget\" data-e-type=\"widget\" data-widget_type=\"image.default\">\n\t\t\t\t\t\t\t\t\t\t\t\t\t\t\t<img fetchpriority=\"high\" decoding=\"async\" width=\"625\" height=\"522\" src=\"https:\/\/elipsiscopywriting.com\/wp-content\/uploads\/2026\/02\/Ilustraciones-Elipsis-Copywriting_Mesa-de-trabajo-1.svg\" class=\"attachment-large size-large wp-image-671\" alt=\"\" \/>\t\t\t\t\t\t\t\t\t\t\t\t\t\t\t<\/div>\n\t\t\t\t<\/div>\n\t\t<div class=\"elementor-element elementor-element-1aef076 e-con-full e-flex convert--none scrubbed__false pinned__false wd--always--show container--pointer--events--auto layout--default bg--none no e-con e-child\" data-id=\"1aef076\" data-element_type=\"container\" data-e-type=\"container\" data-settings=\"{&quot;_ha_eqh_enable&quot;:false}\">\n\t\t\t\t<div class=\"elementor-element elementor-element-e9bfba3 text-stroke-no wd--always--show elementor-widget elementor-widget-petextwrapper\" data-id=\"e9bfba3\" data-element_type=\"widget\" data-e-type=\"widget\" data-widget_type=\"petextwrapper.default\">\n\t\t\t\t<div class=\"elementor-widget-container\">\n\t\t\t\t\t\n        \n        <div class=\"text-wrapper\">\n\n            <p                class=\"text-h2   no-margin hide-br-mobile  \"         data-animate=\"true\" data-animation=\"wordsUp\" data-settings=\"{duration=1.5;delay=0;stagger=0.1;pin=false;pinTarget=;scrub=false;item_ref_start=top;window_ref_start=bottom;item_ref_end=bottom;window_ref_end=top;out=false;inserted=false}\">\n                \u00bfQuieres que hablemos m\u00e1s de tu proyecto?<\/p>\n\n        <\/div>\n\n        \t\t\t\t<\/div>\n\t\t\t\t<\/div>\n\t\t\t\t<div class=\"elementor-element elementor-element-8a7e06e text-stroke-no wd--always--show elementor-widget elementor-widget-petextwrapper\" data-id=\"8a7e06e\" data-element_type=\"widget\" data-e-type=\"widget\" data-widget_type=\"petextwrapper.default\">\n\t\t\t\t<div class=\"elementor-widget-container\">\n\t\t\t\t\t\n        \n        <div class=\"text-wrapper\">\n\n            <p                class=\"text-h2   no-margin hide-br-mobile  \"         data-animate=\"true\" data-animation=\"wordsUp\" data-settings=\"{duration=1.5;delay=0;stagger=0.1;pin=false;pinTarget=;scrub=false;item_ref_start=top;window_ref_start=bottom;item_ref_end=bottom;window_ref_end=top;out=false;inserted=false}\">\n                Agenda una llamada con nosotras<\/p>\n\n        <\/div>\n\n        \t\t\t\t<\/div>\n\t\t\t\t<\/div>\n\t\t\t\t<div class=\"elementor-element elementor-element-643f6a0 scrubbed__false pinned__false wd--always--show elementor-widget elementor-widget-pebutton\" data-id=\"643f6a0\" data-element_type=\"widget\" data-e-type=\"widget\" data-widget_type=\"pebutton.default\">\n\t\t\t\t<div class=\"elementor-widget-container\">\n\t\t\t\t\t\n        <div class=\"pe--button pb--background pb--normal link\"  >\n\n            <div class=\"pe--button--wrapper\">\n\n                \n                    <a href=\"https:\/\/elipsiscopywriting.com\/meetings\/\" rel=\"nofollow\"data-cursor=\"true\" data-cursor-type=\"default\" data-cursor-text=\"\" data-cursor-icon=\"\">\n\n                    \n                    <span class=\"pb__main\">Hablemos de tu marca\n                        \n\n                                <span class=\"pb__hover\">Hablemos de tu marca<\/span>\n\n                            \n                    <\/span>\n\n\n                    \n\n                <\/a>\n\n\n\n            <\/div>\n\n        <\/div>\n\n        \t\t\t\t<\/div>\n\t\t\t\t<\/div>\n\t\t\t\t<\/div>\n\t\t\t\t\t<\/div>\n\t\t\t\t<\/div>\n\t\t\t\t<\/div>\n\t\t","protected":false},"excerpt":{"rendered":"<p>Cu\u00e9ntanos de tu proyecto Queremos ayudarte a encontrar tu historia. D\u00e9janos tus datos y nos pondremos en contacto. \u00bfQuieres que&#8230;<\/p>","protected":false},"author":1,"featured_media":0,"parent":0,"menu_order":0,"comment_status":"closed","ping_status":"closed","template":"","meta":{"_acf_changed":false,"footnotes":""},"class_list":["post-1358","page","type-page","status-publish","hentry"],"acf":[],"aioseo_notices":[],"_links":{"self":[{"href":"https:\/\/elipsiscopywriting.com\/es\/wp-json\/wp\/v2\/pages\/1358","targetHints":{"allow":["GET"]}}],"collection":[{"href":"https:\/\/elipsiscopywriting.com\/es\/wp-json\/wp\/v2\/pages"}],"about":[{"href":"https:\/\/elipsiscopywriting.com\/es\/wp-json\/wp\/v2\/types\/page"}],"author":[{"embeddable":true,"href":"https:\/\/elipsiscopywriting.com\/es\/wp-json\/wp\/v2\/users\/1"}],"replies":[{"embeddable":true,"href":"https:\/\/elipsiscopywriting.com\/es\/wp-json\/wp\/v2\/comments?post=1358"}],"version-history":[{"count":13,"href":"https:\/\/elipsiscopywriting.com\/es\/wp-json\/wp\/v2\/pages\/1358\/revisions"}],"predecessor-version":[{"id":1651,"href":"https:\/\/elipsiscopywriting.com\/es\/wp-json\/wp\/v2\/pages\/1358\/revisions\/1651"}],"wp:attachment":[{"href":"https:\/\/elipsiscopywriting.com\/es\/wp-json\/wp\/v2\/media?parent=1358"}],"curies":[{"name":"wp","href":"https:\/\/api.w.org\/{rel}","templated":true}]}}